{"id":201,"date":"2017-09-28T16:44:50","date_gmt":"2017-09-28T14:44:50","guid":{"rendered":"http:\/\/www.pflegedienstrauser.de\/?page_id=201"},"modified":"2024-12-30T15:45:54","modified_gmt":"2024-12-30T14:45:54","slug":"jobs","status":"publish","type":"page","link":"https:\/\/www.pflegedienstrauser.de\/index.php\/jobs\/","title":{"rendered":"Stellenangebote_alt2"},"content":{"rendered":"<p>Sie sind gelernte\/r &#8230;<\/p>\n<p><strong>Gesundheits-\/Krankenpfleger (m\/w\/d)<br \/>\nAltenpfleger (m\/w\/d)<br \/>\nGesundheits-\/Krankenpflegeassistent (m\/w\/d)<br \/>\nMedizinischer Fachangestellter (m\/w\/d)<br \/>\n<\/strong><\/p>\n<p>und suchen ein neues Aufgabengebiet in der h\u00e4uslichen Kranken- und Altenpflege?<\/p>\n<p>Dann suchen wir Sie, einen engagierten und motivierten Mitarbeiter zur Erweiterung unseres Pflegeteams \u2013 zum n\u00e4chstm\u00f6glichen Zeitpunkt \u2013 in Vollzeit. Auch eine Teilzeitvereinbarung ist gegebenenfalls m\u00f6glich.<\/p>\n<p>Wir \u2013 das ist das Team des Pflegedienstes B. u. H. Rauser GbR. Ein bereits seit 1988 familiengef\u00fchrter ambulanter Pflegedienst in Wuppertal Barmen.<\/p>\n<p>Unser Bestreben ist es, dem pflegebed\u00fcrftigen Menschen und seinen Angeh\u00f6rigen die notwendige Sicherheit und fachgerechte Versorgung, im Bereich der medizinischen Behandlungspflege gem\u00e4\u00df SGB V und der Grundpflege gem\u00e4\u00df SGB XI, zu vermitteln.<br \/>\nIn Zusammenarbeit mit den pflegebed\u00fcrftigen Menschen m\u00f6chten wir deren Lebensqualit\u00e4t im gewohnten Umfeld verbessern oder erhalten.<\/p>\n<p>Wir w\u00fcnschen uns von Ihnen:<br \/>\n\u2022 eine wertsch\u00e4tzende respektvolle Einstellung zu pflegebed\u00fcrftigen Menschen<br \/>\n\u2022 Verantwortungsbewusstsein und Zuverl\u00e4ssigkeit<br \/>\n\u2022 das Interesse am Thema Gesundheit, Pflege und Weiterbildung<br \/>\n\u2022 fachliche Kompetenz<br \/>\n\u2022 gute deutsche Sprachkenntnisse (m\u00fcndlich und schriftlich)<br \/>\n\u2022 Bereitschaft zu regelm\u00e4\u00dfiger Schicht- und Wochenendarbeit<br \/>\n\u2022 g\u00fcltige Fahrerlaubnis Klasse B (alt FS 3)<\/p>\n<p>Wir bieten Ihnen u. a.:<br \/>\n\u2022 eine informelle, angenehme und respektvolle Arbeitsatmosph\u00e4re<br \/>\n\u2022 ein interessantes und abwechslungsreiches Aufgabengebiet mit einem hohen Ma\u00df an Selbstst\u00e4ndigkeit<br \/>\n\u2022 eine M\u00f6glichkeit zur Mitgestaltung des eigenen Aufgabengebiets<br \/>\n\u2022 eine regelm\u00e4\u00dfige Praxisbegleitung, sowie kostenlose Fort- und Weiterbildungen<br \/>\n\u2022 die Ausstattung mit Dienstkleidung inkl. W\u00e4scheaufbereitung gem\u00e4\u00df Empfehlung der Kommission f\u00fcr Krankenhaushygiene und Infektionspr\u00e4vention beim Robert Koch-Institut (RKI)<br \/>\n\u2022 die arbeitsmedizinische Betreuung<br \/>\n\u2022 unterschiedliche Arbeitszeitmodelle<br \/>\n\u2022 eine attraktive Verg\u00fctung nach Qualifikation und Eignung<br \/>\n\u2022 einen attraktiven Zuschuss im Rahmen der betrieblichen Altersvorsorge<\/p>\n<p>Haben Sie ihren Beruf gew\u00e4hlt, um die pflegebed\u00fcrftigen Menschen mit Empathie zu unterst\u00fctzen und wir folglich mit unserer Annonce Ihr Interesse geweckt? <strong>Oder Sie m\u00f6chten eine Ausbildung zum examinierten Altenpfleger (m\/w\/d) bei uns absolvieren?<\/strong><\/p>\n<p>Dann freuen wir uns auf Ihre aussagekr\u00e4ftige Bewerbung. Ihre Bewerbung richten Sie bitte \u2013 bevorzugt per E-Mail \u2013 an <a href=\"mailto:Rauser.Holger@t-online.de\">Rauser.Holger@t-online.de<\/a><\/p>\n<h4><\/h4>\n<h4><\/h4>\n<h2>Alternativ bewerben Sie sich direkt \u00fcber unser Kontaktformular:<\/h2>\n\n<div class=\"wpcf7 no-js\" id=\"wpcf7-f124-o1\" lang=\"en-US\" dir=\"ltr\">\n<div class=\"screen-reader-response\"><p role=\"status\" aria-live=\"polite\" aria-atomic=\"true\"><\/p> <ul><\/ul><\/div>\n<form action=\"\/index.php\/wp-json\/wp\/v2\/pages\/201#wpcf7-f124-o1\" method=\"post\" class=\"wpcf7-form init\" aria-label=\"Contact form\" enctype=\"multipart\/form-data\" novalidate=\"novalidate\" data-status=\"init\">\n<div style=\"display: none;\">\n<input type=\"hidden\" name=\"_wpcf7\" value=\"124\" \/>\n<input type=\"hidden\" name=\"_wpcf7_version\" value=\"5.7.7\" \/>\n<input type=\"hidden\" name=\"_wpcf7_locale\" value=\"en_US\" \/>\n<input type=\"hidden\" name=\"_wpcf7_unit_tag\" value=\"wpcf7-f124-o1\" \/>\n<input type=\"hidden\" name=\"_wpcf7_container_post\" value=\"0\" \/>\n<input type=\"hidden\" name=\"_wpcf7_posted_data_hash\" value=\"\" \/>\n<\/div>\n<p><label> Ihre Vor- und Nachname (Pflichtfeld)<br \/>\n<span class=\"wpcf7-form-control-wrap\" data-name=\"your-name\"><input size=\"40\" class=\"wpcf7-form-control wpcf7-text wpcf7-validates-as-required\" aria-required=\"true\" aria-invalid=\"false\" value=\"\" type=\"text\" name=\"your-name\" \/><\/span> <\/label>\n<\/p>\n<p><label> Ihre E-Mail-Adresse (Pflichtfeld)<br \/>\n<span class=\"wpcf7-form-control-wrap\" data-name=\"your-email\"><input size=\"40\" class=\"wpcf7-form-control wpcf7-text wpcf7-email wpcf7-validates-as-required wpcf7-validates-as-email\" aria-required=\"true\" aria-invalid=\"false\" value=\"\" type=\"email\" name=\"your-email\" \/><\/span> <\/label>\n<\/p>\n<p><label> Bewerbung f\u00fcr folgendes Berufsfeld<br \/>\n<span class=\"wpcf7-form-control-wrap\" data-name=\"menu-960\"><select class=\"wpcf7-form-control wpcf7-select\" aria-invalid=\"false\" name=\"menu-960\"><option value=\"Gesundheits-\/Krankenpfleger (m\/w)\">Gesundheits-\/Krankenpfleger (m\/w)<\/option><option value=\"Altenpfleger (m\/w)\">Altenpfleger (m\/w)<\/option><option value=\"Gesundheits-\/Krankenpflegeassistent (m\/w)\">Gesundheits-\/Krankenpflegeassistent (m\/w)<\/option><option value=\"sonstige Pflegekraft (m\/w)\">sonstige Pflegekraft (m\/w)<\/option><\/select><\/span> <\/label>\n<\/p>\n<p><label> Ihre Nachricht an uns:<br \/>\n<span class=\"wpcf7-form-control-wrap\" data-name=\"your-message\"><textarea cols=\"40\" rows=\"10\" class=\"wpcf7-form-control wpcf7-textarea\" aria-invalid=\"false\" name=\"your-message\"><\/textarea><\/span> <\/label>\n<\/p>\n<p><label> Laden Sie Ihre Bewerbungsunterlagen hoch (pdf. oder jpg.Datei)<br \/>\n<span class=\"wpcf7-form-control-wrap\" data-name=\"file-432\"><input size=\"40\" class=\"wpcf7-form-control wpcf7-file\" accept=\"audio\/*,video\/*,image\/*\" aria-invalid=\"false\" type=\"file\" name=\"file-432\" \/><\/span> <\/label>\n<\/p>\n<p><label> <a href=\"https:\/\/www.pflegedienstrauser.de\/index.php\/datenschutzerklaerung\/\">Datenschutzerkl\u00e4rung<\/a> <span class=\"wpcf7-form-control-wrap\" data-name=\"checkbox-470\"><span class=\"wpcf7-form-control wpcf7-checkbox wpcf7-validates-as-required\"><span class=\"wpcf7-list-item first last\"><input type=\"checkbox\" name=\"checkbox-470[]\" value=\"gelesen\" \/><span class=\"wpcf7-list-item-label\">gelesen<\/span><\/span><\/span><\/span><\/label>\n<\/p>\n<p><input class=\"wpcf7-form-control has-spinner wpcf7-submit\" type=\"submit\" value=\"Senden\" \/>\n<\/p><div class=\"wpcf7-response-output\" aria-hidden=\"true\"><\/div>\n<\/form>\n<\/div>\n\n<p>&#8212;&#8212;&#8212;&#8212;&#8212;&#8212;&#8212;&#8212;&#8212;&#8212;&#8212;&#8212;-<br \/>\n<a href=\"https:\/\/www.pflegedienstrauser.de\/\">Zur\u00fcck zum Startseite<\/a><br \/>\n&#8212;&#8212;&#8212;&#8212;&#8212;&#8212;&#8212;&#8212;&#8212;&#8212;&#8212;&#8212;-<\/p>\n","protected":false},"excerpt":{"rendered":"<p>Sie sind gelernte\/r &#8230; Gesundheits-\/Krankenpfleger (m\/w\/d) Altenpfleger (m\/w\/d) Gesundheits-\/Krankenpflegeassistent (m\/w\/d) Medizinischer Fachangestellter (m\/w\/d) und suchen ein neues Aufgabengebiet in der h\u00e4uslichen Kranken- und Altenpflege? Dann suchen wir [&hellip;]<\/p>\n","protected":false},"author":1,"featured_media":0,"parent":0,"menu_order":0,"comment_status":"closed","ping_status":"closed","template":"","meta":[],"_links":{"self":[{"href":"https:\/\/www.pflegedienstrauser.de\/index.php\/wp-json\/wp\/v2\/pages\/201"}],"collection":[{"href":"https:\/\/www.pflegedienstrauser.de\/index.php\/wp-json\/wp\/v2\/pages"}],"about":[{"href":"https:\/\/www.pflegedienstrauser.de\/index.php\/wp-json\/wp\/v2\/types\/page"}],"author":[{"embeddable":true,"href":"https:\/\/www.pflegedienstrauser.de\/index.php\/wp-json\/wp\/v2\/users\/1"}],"replies":[{"embeddable":true,"href":"https:\/\/www.pflegedienstrauser.de\/index.php\/wp-json\/wp\/v2\/comments?post=201"}],"version-history":[{"count":37,"href":"https:\/\/www.pflegedienstrauser.de\/index.php\/wp-json\/wp\/v2\/pages\/201\/revisions"}],"predecessor-version":[{"id":907,"href":"https:\/\/www.pflegedienstrauser.de\/index.php\/wp-json\/wp\/v2\/pages\/201\/revisions\/907"}],"wp:attachment":[{"href":"https:\/\/www.pflegedienstrauser.de\/index.php\/wp-json\/wp\/v2\/media?parent=201"}],"curies":[{"name":"wp","href":"https:\/\/api.w.org\/{rel}","templated":true}]}}