{"id":227,"date":"2017-10-12T10:44:55","date_gmt":"2017-10-12T08:44:55","guid":{"rendered":"http:\/\/www.pflegedienstrauser.de\/?page_id=227"},"modified":"2020-02-19T07:45:53","modified_gmt":"2020-02-19T06:45:53","slug":"leistungen-der-krankenkassen-nrw","status":"publish","type":"page","link":"https:\/\/www.pflegedienstrauser.de\/index.php\/leistungen-der-krankenkassen-nrw\/","title":{"rendered":"Leistungen der Krankenkassen NRW"},"content":{"rendered":"\n<table id=\"tablepress-3\" class=\"tablepress tablepress-id-3\">\n<thead>\n<tr class=\"row-1\">\n\t<th class=\"column-1\">Leistung<\/th>\n<\/tr>\n<\/thead>\n<tbody class=\"row-striping row-hover\">\n<tr class=\"row-2\">\n\t<td class=\"column-1\"><strong>1. H\u00e4usliche Krankenpflege, wenn Krankenhausbehandlung geboten,<\/strong> aber nicht ausf\u00fchrbar ist oder wenn sie vermieden oder verk\u00fcrzt wird (Grund- und Behandlungspflege sowie hauswirtschaftliche Versorgung gem\u00e4\u00df \u00a7 37 Abs. 1 SGB V).<br \/>\n<br \/>\n<strong>Pauschale f\u00fcr Grund- und Behandlungspflege inkl. Anleitung zur Grundpflege<\/strong> einschlie\u00dflich hauswirtschaftlicher Versorgung sowie Wegezeiten und Fahrkosten je Einsatz<br \/>\n\ta) bis zu 4 Wochen<br \/>\n\tb) ab der 5. Woche <br \/>\n<br \/>\nDiese Pauschale kann h\u00f6chstens zweimal je Versicherten und Tag berechnet werden.<br \/>\n\ta) bis zu 4 Wochen<br \/>\n\tb) ab der 5. Woche<\/td>\n<\/tr>\n<tr class=\"row-3\">\n\t<td class=\"column-1\"><strong>2. H\u00e4usliche Krankenpflege<\/strong> wegen schwerer Krankheit oder wegen akuter Verschlimmerung einer Krankheit, insbesondere nach einem Krankenhausaufenthalt, nach einer ambulanten Operation oder nach einer ambulanten Krankenhausbehandlung, soweit keine Pflegebed\u00fcrftigkeit nach dem SGB XI vorliegt (Grundpflege sowie hauswirtschaftliche Versorgung gem\u00e4\u00df \u00a7 37 Abs. 1a SGB V), einschlie\u00dflich Fahrzeiten und Fahrkosten je Einsatz<br \/>\n<br \/>\na) bis zu 4 Wochen<br \/>\n\u2022 Eins\u00e4tze, in denen ausschlie\u00dflich Leistungen der Grundpflege erbracht werden (bis zu 2 mal t\u00e4glich, sofern keine Kombinationsleistung in Anspruch genommen wird)<br \/>\n\u2022 Eins\u00e4tze, in denen ausschlie\u00dflich Leistungen der hauswirtschaftlichen Versorgung erbracht werden (nur in medizinisch begr\u00fcndeten Ausnahmen; grunds\u00e4tzlich sind Leistungen der hauswirtschaftlichen Versorgung in einem Einsatz zusammen mit Leistungen der Grundpflege zu erbringen)<br \/>\n\u2022 Eins\u00e4tze, in denen Leistungen der Grundpflege und der hauswirtschaftlichen Versorgung erbracht werden<br \/>\n\u2022 Tagesh\u00f6chstbetrag<br \/>\n<br \/>\nb) ab der 5. Woche<br \/>\n\t\u2022 Eins\u00e4tze, in denen ausschlie\u00dflich Leistungen der Grundpflege erbracht werden (bis zu 2 mal t\u00e4glich, sofern keine Kombinationsleistung in Anspruch genommen wird)<br \/>\n\t\u2022 Eins\u00e4tze, in denen ausschlie\u00dflich Leistungen der hauswirtschaftlichen Versorgung erbracht werden (nur in medizinisch begr\u00fcndeten Ausnahmen; grunds\u00e4tzlich sind Leistungen der hauswirtschaftlichen Versorgung in einem Einsatz zusammen mit Leistungen der Grundpflege zu erbringen)<br \/>\n\t\u2022 Eins\u00e4tze, in denen Leistungen der Grundpflege und der hauswirtschaftlichen Versorgung erbracht werden<br \/>\n\t\u2022 Tagesh\u00f6chstbetrag<br \/>\n<br \/>\nIn Eins\u00e4tzen, in denen neben Leistungen nach Ziff. 2) auch Leistungen nach Ziff. 3) bis 5) (\u201e\u00a7 18 Abs. 1\u201c) erbracht werden, sind nur die Preise der rechten Spalte \u201e\u00a7 18 Abs. 2 und 3\u201c abrechenbar.<br \/>\n<br \/>\nWerden Leistungen nach Ziff. 2) erbracht, findet die Regelung der Ziff. 8) keine Anwendung.<br \/>\n<br \/>\n<strong>*Protokollnotiz zu Ziffer 2.:<\/strong><br \/>\nSind in einem medizinisch begr\u00fcndeten Ausnahmefall an einem Tag drei Eins\u00e4tze, in den Leistungen der Grundpflege erbracht werden, von den zust\u00e4ndigen Kassen genehmigt worden, ist dieser dritte Einsatz neben dem Tagesh\u00f6chstsatz abrechenbar. <\/td>\n<\/tr>\n<tr class=\"row-4\">\n\t<td class=\"column-1\"><strong>3. H\u00e4usliche Krankenpflege, wenn sie zur Sicherung des Ziels der \u00e4rztlichen Behandlung erforderlich ist <\/strong> (Behandlungspflege gem\u00e4\u00df \u00a7 37 Abs. 2 Satz 1 SGB V) einschlie\u00dflich Fahrzeiten und Fahrkosten je Einsatz<br \/>\n<br \/>\nSind die im Rahmen eines Einsatzes zu erbringenden Leistungen unterschiedlichen Leistungsgruppen zugeordnet, ist nur die jeweils h\u00f6herwertige Leistungsgruppe abrechnungsf\u00e4hig. Werden mehrere Leistungen aus einer Leistungsgruppe anl\u00e4sslich eines Einsatzes erbracht, ist die jeweilige Leistungsgruppe einmal abrechnungsf\u00e4hig.<br \/>\n<br \/>\nDie verordnungsf\u00e4higen Leistungen der Behandlungspflege ergeben sich aus den Leistungsnummern \u2780 der Richtlinien nach \u00a7 92 Abs. 1 Satz 2 Nr. 6 SGB V. Die dort getroffenen Aussagen zur Dauer der Verordnung und zur H\u00e4ufigkeit der Verrichtungen sind grunds\u00e4tzlich zu beachten.<br \/>\n<br \/>\n<strong> a) Leistungsgruppe 1: <\/strong><br \/>\nBehandlungspflegen einfacher Art mit geringem Aufwand<br \/>\n<br \/>\n\t\u2022\tBlutdruckmessung (10 \u2780)<br \/>\n<br \/>\n\t\u2022\tBlutzuckermessung (11 \u2780)<br \/>\n<br \/>\n\t\u2022\tInterstitielle Glukosemessung (11a) (ohne Kalibrierung und\/oder Sensorwechsel)*<br \/>\n<br \/>\n                *nicht abrechnungsf\u00e4hig innerhalb eines Einsatzes in Verbindung mit den GPOS 032C25, 032C26 oder 032C27<br \/>\n<br \/>\n\t\u2022\tInhalation (17 \u2780)<br \/>\n<br \/>\n\t\u2022\tInjektionen, s. c. (18 \u2780)<br \/>\n<br \/>\n\t\u2022\tRichten von Injektionen (19 \u2780)<br \/>\n                (auch Insulingabe)<br \/>\n<br \/>\n\t\u2022\tAuflegen von K\u00e4ltetr\u00e4gern (21 \u2780)<br \/>\n<br \/>\n\t\u2022\tRichten von \u00e4rztlich verordneten Medikamenten (26 \u2780)<br \/>\n                (ohne Wochendispenser)<br \/>\n<br \/>\n\t\u2022\tMedikamentengabe (26 \u2780)<br \/>\n<br \/>\n\t\u2022\tAugentropfen (26 \u2780)<br \/>\n<br \/>\n\t\u2022\tAusziehen von Kompressionsstr\u00fcmpfen\/-strumpfhosen (31 \u2780)<br \/>\n(ab Kompressionsklasse I)<br \/>\n<br \/>\n\t\u2022\tAbnehmen eines Kompressionsverbandes (31b \u2780)<br \/>\n<br \/>\n\t\u2022\tAbnehmen einer s. c.-Infusion (16a \u2780)<br \/>\n<br \/>\n\t<strong>b)\tLeistungsgruppe 2: <\/strong><br \/>\nBehandlungspflegen einfacher Art mit h\u00f6herem Aufwand<br \/>\n<br \/>\n\t\u2022\tKlistiere, Klysma (14 \u2780)<br \/>\n<br \/>\n\t\u2022\tFl\u00fcssigkeitsbilanzierung (15 \u2780)<br \/>\n<br \/>\n\t\u2022\tSPK Versorgung (22 \u2780)<br \/>\n<br \/>\n\t\u2022\tMedizinische Einreibungen (26 \u2780)<br \/>\n<br \/>\n\t\u2022\tDermatologische B\u00e4der (26 \u2780)<br \/>\n<br \/>\n\t\u2022\tVersorgung bei PEG (27 \u2780)<br \/>\n<br \/>\n\t\u2022\tAnziehen von Kompressionsstr\u00fcmpfen\/-strumpfhosen (31b \u2780)<br \/>\n(ab Kompressionsklasse I)<br \/>\n<br \/>\n\t<strong>c)\tLeistungsgruppe 3: <\/strong><br \/>\nBehandlungspflegen mit h\u00f6herem Aufwand\/qualifizierter Art<br \/>\n<br \/>\n\t\u2022\tStoma-Versorgung (28 \u2780)<br \/>\n(z. B. Urostoma, Anus-Praeterversorgung, nur bei krankhaften Ver\u00e4nderungen)<br \/>\n<br \/>\n\t\u2022\tAbsaugen der oberen Luftwege, Bronchialtoilette (6 \u2780)<br \/>\n<br \/>\n\t\u2022\tBlasensp\u00fclung (9 \u2780)<br \/>\n<br \/>\n\t\u2022\tVersorgung und \u00dcberpr\u00fcfung von Drainagen (13 \u2780)<br \/>\n<br \/>\n\t\u2022\tInjektionen i. m. (18 \u2780)<br \/>\n<br \/>\n\t\u2022\tInstillation (20 \u2780)<br \/>\n<br \/>\n\t\u2022\tKatheterisierung, intermittierende Einmalkatheterisierung (23 \u2780)<br \/>\n(Einlegen, Entfernen oder Wechseln eines Katheters zur Harnableitung)<br \/>\n<br \/>\n\t\u2022\tRichten von \u00e4rztlich verordneten Medikamenten im Wochendispenser (26 \u2780)<br \/>\n<br \/>\n\t\u2022\tWechseln und Pflege der Trachealkan\u00fcle (29 \u2780)<br \/>\n<br \/>\n\t\u2022\tAnlegen eines Kompressionsverbandes (31b \u2780)<br \/>\n<br \/>\n                       - Anlegen von st\u00fctzenden oder stabilisierenden Verb\u00e4nden (31 c \u2780)<br \/>\n<br \/>\n                       - Legen und Anh\u00e4ngen einer s.c. Infusion (16a \u2780)<br \/>\n<br \/>\n                       - Wechseln einer s.c. Infusion (16a \u2780)<br \/>\n<br \/>\n                       - Wundversorgung einer akuten Wunde (31 \u2780)<br \/>\n<br \/>\n\t<strong>d)\tLeistungsgruppe 4:<\/strong><br \/>\nBehandlungspflegen besonders zeitaufwendiger Art und\/oder besondere Sachkunde erforderlich<br \/>\n<br \/>\n\t\u2022\tBedienung und \u00dcberwachung eines Beatmungsger\u00e4tes (8 \u2780)<br \/>\n(Bedienung, \u00dcberwachung, \u00dcberpr\u00fcfung, Reinigung und Wechsel des Systems)<br \/>\n<br \/>\n\t\u2022\tEinlauf (Hebe- und Senkeinlauf) (14 \u2780)<br \/>\n<br \/>\n\t\u2022\tDigitales Enddarm-Ausr\u00e4umen (14 \u2780)<br \/>\n<br \/>\n\t\u2022\tAnh\u00e4ngen, Wechsel oder Abh\u00e4ngen einer i. v. Infusion (16 \u2780)<br \/>\nz. B. parenterale Ern\u00e4hrung oder Substitutionstherapie \u00fcber Port<br \/>\n<br \/>\n\t\u2022\tLegen und Wechseln einer Magensonde (25 \u2780)<br \/>\n<br \/>\n\t\u2022\tPflege des zentralen Venenkatheters und Portsystemen (30 \u2780)<br \/>\n<br \/>\ne) Gesondert abrechnungsf\u00e4hige Leistungen<br \/>\nIn einem Einsatz sind neben den Leistungen der Leistungsgruppen 1 - 4 folgende Leistungen gesondert abrechenf\u00e4hig. Diese Leistungen d\u00fcrfen soweit nicht explizit etwas anderes bestimmt ist auch von Pflegekr\u00e4ften erbracht werden, die berechtigt sind Leistungen der Leistungsguppe 1 und 2 zu erbringen. Werden mehrere Leistungen nach Buchst. e) innerhalb eines Einsatzes erbracht, ist nur die h\u00f6chstwertige Leistung abrechnungsf\u00e4hig. <br \/>\n<br \/>\n     - Ablegen von \u00e4rztlich verordneten Bandagen und Orthesen (31d)<br \/>\n<br \/>\n     - Anlegen von \u00e4rztlich verordneten Bandagen und Orthesen (31d)<br \/>\n<br \/>\n     - Ablegen von st\u00fctzenden oder stabilisierenden Verb\u00e4nden (31 c)<br \/>\n<br \/>\n     - Positionswechsel zur Dekubitusbehandlung (12)<br \/>\n<br \/>\n     - Interstitielle Glukosemessung (11a) (Sensorwechsel bei Bedarf)*<br \/>\n<br \/>\n     - Interstitielle Glukosemessung (11a) (Kalibrierung bei Bedarf)*<br \/>\n<br \/>\n     - Interstitielle Glukosemessung (11 a) (Kalibrierung und Sensorwechsel bei Bedarf)* <br \/>\n<br \/>\n*innerhalb eines Einsatzes ist die Leistung der Glukosemessung nach GPOS 032C24 enthalten und nicht gesondert <br \/>\n<br \/>\n     - Wundversorgung einer chronischen und schwer heilenden Wunde **)<br \/>\n        (31a)<br \/>\n        **Bis zum Inkrafttreten entsprechender Regelungen in den Bundesrahmenempfehlungen nach \u00a7 132a Abs. 1 SGB V gelten die Anforderungen nach Nr. 31a der HKP-RL zur Qualifikation der Leistungserbringer.<br \/>\n<br \/>\nBei der Regelung nach Ziffer 3 Buchst. e) handelt es sich um eine bis zum 31.12.2021 befristete \u00dcbergangsregelung. Die Vertragsparteien verst\u00e4ndigen sich bis zum Auslaufen dieser \u00dcbergangsregelung \u00fcber die Verortung der hier aufgef\u00fchrten Leistungen in die Leistungsgruppen und deren Verg\u00fctung. Sollte es bis zum 31.12.2021 keine neue Regelung geben, gilt die bestehende Regelung vorl\u00e4ufig als Abschlagzahlung weiter. <br \/>\n<br \/>\n<br \/>\n\t<strong>f)\tAnleitung zur Behandlungspflege:<\/strong><br \/>\nPreis der jeweiligen Leistungsgruppe bzw. der jeweiligen Leistung nach Nr. 3 e) inkl. 50% Zuschlag. <br \/>\n<br \/>\n- Leistungsgruppe 1<br \/>\n- Leistungsgruppe 2<br \/>\n- Leistungsgruppe 3<br \/>\n- Leistungsgruppe 4<br \/>\n- Ablegen von \u00e4rztlich verordneten Bandagen u. Orthesen (31d) <br \/>\n- Anlegen von \u00e4rztlich verordneten Bandagen u. Orthesen (31d) <br \/>\n- Ablegen von st\u00fctzenden oder stabilisierenden Verb\u00e4nden (31 c) <br \/>\n- Positionswechsel zur Dekubltusbehandlung (12)<br \/>\n- Interstitielle Glukosemessung (11a) (Sensorwechsel bei Bedarf) <br \/>\n- Interstitielle Glukosemessung (11 a) (Kalibrierung bei Bedarf)*<br \/>\n- Interstitielle Glukosemessung (11 a) (Kalibrierung und Sensorwechsel bei Bedarf)*<br \/>\n<br \/>\nBei Anleitungserfolg (im Anschluss an die Anleitung wird die angeleitete Leistung f\u00fcr mindestens 30 Tage nicht mehr verordnet) kann einmalig das Zwanzigfache des Preises der jeweiligen Leistungsgruppe bzw. der jeweiligen Leistung nach Nr. 3. e) abgerechnet werden. <br \/>\n<br \/>\n- Leistungsgruppe 1 <br \/>\n- Leistungsgruppe 2 <br \/>\n- Leistungsgruppe 3 <br \/>\n- Leistungsgruppe 4 <br \/>\n- Ablegen von \u00e4rztlich verordneten Bandagen u. Orthesen (31d) <br \/>\n- Anlegen von \u00e4rztlich verordneten Bandagen u. Orthesen (31d) <br \/>\n- Ablegen von st\u00fctzenden oder stabilisierenden Verb\u00e4nden (31 c) <br \/>\n- Positionswechsel zur Dekubitusbehandlung (12) <br \/>\n- Interstitielle Glukosemessung (11a) (Sensorwechsel bei Bedarf) <br \/>\n- Interstitielle Glukosemessung (11a) (Kalibrierung bei Bedarf)* <br \/>\n- Interstitielle Glukosemessung (11a) (Kalibrierung und Sensorwechsel bei Bedarf)* <br \/>\n<\/td>\n<\/tr>\n<tr class=\"row-5\">\n\t<td class=\"column-1\"><strong>4. Ambulante psychiatrische Krankenpflege<\/strong><br \/>\nVoraussetzung f\u00fcr die Abrechnung der Leistungen nach Ziffer 4 ist, dass<br \/>\n<br \/>\n\t\u2022\tder Leistungserbringer, die im \u00a7 5 Abs. 2 genannten Voraussetzungen nachgewiesen hat,<br \/>\n<br \/>\n\t\u2022\tdie Leistungen durch Pflegefachkr\u00e4fte erbracht wurden, die \u00fcber eine entsprechende Zusatzqualifikation nach \u00a7 17 Abs. 4 verf\u00fcgen,<br \/>\n<br \/>\n\t\u2022\tdie vertrags\u00e4rztliche Verordnung durch einen Neurologen\/Psychiater erfolgte<br \/>\n<br \/>\n\ta) je Patient und Einheit - ohne somatische HKP. Es k\u00f6nnen mehrere oder auch anteilige Einheiten pro Besuch, bis zur w\u00f6chentlichen H\u00f6chstgrenze nach Nr. 27a der Richtlinie h\u00e4usliche Krankenpflege zusammengefasst bzw. geteilt werden. Die Pauschale (Einheit) ist f\u00fcr je 60 Minuten Leistungserbringung auch anteilig abrechnungsf\u00e4hig. Je vollendete Viertelstunde (15 Minuten) Leistungserbringung ist ein Zeitansatz von 0,25 abrechnungsf\u00e4hig. <br \/>\n<br \/>\n\tb) sofern neben der psychiatrischen Krankenpflege (Ziffer 4 a) bei multimorbiden Patienten zeitgleich Leistungen nach Ziffer 3 erbracht werden, je Patient und Einsatz<br \/>\n<br \/>\nGeh\u00f6rt zur Behandlungspflege nach Ziffer 3 nur die Medikamentengabe\/\u00dcberwachung, so ist diese Leistung mit dem Betrag nach Ziffer 4 b) abgegolten. F\u00fcr die anderen Behandlungspflegen ist ein Zuschlag in H\u00f6he des jeweils h\u00e4lftigen Preises nach Ziffer 3 abrechnungsf\u00e4hig.<br \/>\n<br \/>\nLeistung nach Nr. 4 b) i.V.m. 3. a)<br \/>\nLeistung nach Nr. 4 b) i.V.m. 3. b)<br \/>\nLeistung nach Nr. 4 b) i.V.m. 3. c)<br \/>\nLeistung nach Nr. 4 b) i.V.m. 3. d)<br \/>\n<br \/>\n\tc) werden im Rahmen der psychiatrischen Krankenpflege ausschlie\u00dflich und als alleinige Leistung Medikamentengabe, -\u00fcberwachung oder Injektionen abgegeben, so sind diese Leistungen nur nach Ziffer 3 a) bzw. bei i. m. Injektionen nach Ziffer 3 c) abrechnungsf\u00e4hig.<\/td>\n<\/tr>\n<tr class=\"row-6\">\n\t<td class=\"column-1\"><strong>5. Durchf\u00fchren der Sanierung von MRSA-Tr\u00e4gern mit gesicherter Diagnose einschlie\u00dflich Wegezeiten und Fahrkosten je Einsatz <\/strong><br \/>\n<br \/>\nSofern neben Leistungen zur Durchf\u00fchrung der Sanierung von MRSA-Tr\u00e4gern mit gesicherten Diagnosen (Ziffer 5) zeitgleich Leistungen nach Ziffer 3 oder Ziffer 4 erbracht, sind diese nach den Ziffern 3 und 4 zus\u00e4tzlich abrechenbar.<br \/>\n<br \/>\nDurchf\u00fchrung Sanierung\/Eradikation nach \u00e4rztlichem Sanierungsplan gem\u00e4\u00df Verordnung.<br \/>\n<br \/>\n        a) Applikation einer antibakteriellen Nasensalbe oder eines antiseptischen Gels und\/oder Mund- und Rachensp\u00fclung mit einer antiseptischen L\u00f6sung<br \/>\n        b) Applikation einer antibakteriellen Nasensalbe oder eines antiseptischen Gels und\/oder Mund- und Rachensp\u00fclung mit einer antiseptischen L\u00f6sung und<br \/>\n\t\u2022\tDekontamination von Haut und Haaren mit antiseptischen Substanzen oder<br \/>\n\t\u2022\tTextilien, die mit Haut oder Schleimhaut Kontakt haben, t\u00e4glich wechseln und Gegenst\u00e4nde, die mit Haut oder Schleimhaut Kontakt haben, t\u00e4glich desinfizieren<br \/>\n        c) Applikation einer antibakteriellen Nasensalbe oder eines antiseptischen Gels und\/oder Mund- und Rachensp\u00fclung mit einer antiseptischen L\u00f6sung und<br \/>\n\t\u2022\tDekontamination von Haut und Haaren mit antiseptischen Substanzen und<br \/>\n\t\u2022\tTextilien, die mit Haut oder Schleimhaut Kontakt haben, t\u00e4glich wechseln und Gegenst\u00e4nde, die mit Haut oder Schleimhaut Kontakt haben, t\u00e4glich desinfizieren<br \/>\n<\/td>\n<\/tr>\n<tr class=\"row-7\">\n\t<td class=\"column-1\"><strong>6. Haushaltshilfe,<\/strong> wenn wegen Krankenhausbehandlung oder einer Leistung nach \u00a7 23 Abs. 2 oder 4, \u00a7\u00a7 24,37, 40 oder 41 SGB V die Weiterf\u00fchrung des Haushalts nicht m\u00f6glich ist (\u00a7 38 Abs. 1und 2 SGB V, \u00a7 10 KVLG 1989) oder wenn wegen Schwangerschaft oder Entbindung die Weiterf\u00fchrung des Haushalts nicht m\u00f6glich ist (\u00a7 24h SGB V, \u00a7 27 KVLG) - einschlie\u00dflich Wegezeiten und Fahrkosten \u2013<br \/>\n<br \/>\na) Nach \u00a7 38 Abs. 1 SGB V je Stunde<br \/>\nAngefangene Stunden werden anteilig verg\u00fctet. Hierbei ist f\u00fcr je angefangene 12 Minuten ein Betrag anzusetzen, von<br \/>\n<br \/>\nb) Nach \u00a7 38 Abs. 1 SGB V Tagesh\u00f6chstbetrag<br \/>\n<br \/>\nc) Nach \u00a7 38 Abs. 2 SGB V je Stunde<br \/>\nangefangene Stunden werden anteilig verg\u00fctet. Hierbei ist f\u00fcr je angefangene 12 Minuten ein Betrag anzusetzen, von<br \/>\n<br \/>\nd) Nach \u00a7 38 Abs. 2 SGB V Tagesh\u00f6chstbetrag<br \/>\n<br \/>\ne) Nach \u00a7 24h SGB V je Stunde<br \/>\nAngefangene Stunden werden anteilig verg\u00fctet. Hierbei ist f\u00fcr je angefangene 12 Minuten ein Betrag anzusetzen, von<br \/>\n<br \/>\nf) Nach \u00a7 24h SGB V Tagesh\u00f6chstbetrag<\/td>\n<\/tr>\n<tr class=\"row-8\">\n\t<td class=\"column-1\"><strong>7. Verg\u00fctung f\u00fcr die Anforderung von Dokumentationsunterlagen je Anforderungsfall<\/strong><\/td>\n<\/tr>\n<tr class=\"row-9\">\n\t<td class=\"column-1\"><strong> 8. Leistungen nach \u00a7 18 Abs. 2 des Vertrages<\/strong><br \/>\n<br \/>\nGem\u00e4\u00df \u00a7 18 Abs. 2 gelten f\u00fcr bestimmte Versicherte abweichende Verg\u00fctungss\u00e4tze (rechte Spalte \u201e\u00a7 18 Abs. 2 und 3\u201c).<br \/>\nVersicherte in diesem Sinne sind Patienten, deren Behandlung im Rahmen einer Tour (z. B. Fr\u00fchtour) in r\u00e4umlichem Zusammenhang stattfindet. Die Verg\u00fctungss\u00e4tze (rechte Spalten \u201e\u00a7 18 Abs. 2 und 3\u201c) sind zu ber\u00fccksichtigen, wenn drei oder mehr Patienten in Wohnanlagen, Wohnheimen, Haus-\/Wohngemeinschaften oder \u00e4hnlichen Einrichtungen oder im selben Geb\u00e4ude zusammenh\u00e4ngend fu\u00dfl\u00e4ufig oder zwei oder mehr Patienten in einem Haushalt versorgt werden.<br \/>\n<br \/>\nDer Pflegedienst verpflichtet sich, der Krankenkasse auf Verlangen die Tourenplanung sowie die tats\u00e4chliche Tour offen zu legen (ggf. anonymisiert). Der Pflegedienst stellt sicher, bei der Feststellung des r\u00e4umlichen Zusammenhanges s\u00e4mtliche Patienten zu ber\u00fccksichtigen.<br \/>\nDie Erbringung von Leistungen nach \u00a7 18 Abs. 2 ist auf dem Leistungsnachweis (\u00a7 14 des Vertrages) kenntlich zu machen.<\/td>\n<\/tr>\n<tr class=\"row-10\">\n\t<td class=\"column-1\">9. Die vereinbarten Preise gelten bis zum Abschlu\u00df einer neuen Vereinbarung als Abschlagszahlung weiter.<\/td>\n<\/tr>\n<\/tbody>\n<\/table>\n<!-- #tablepress-3 from cache -->\n<p><strong>\u00a0<\/strong><\/p>\n<p>&#8212;&#8212;&#8212;&#8212;&#8212;&#8212;&#8212;&#8212;&#8212;&#8211;<br \/>\n<a href=\"https:\/\/www.pflegedienstrauser.de\/\">Zur\u00fcck zum Startseite<\/a><br \/>\n&#8212;&#8212;&#8212;&#8212;&#8212;&#8212;&#8212;&#8212;&#8212;&#8211;<\/p>\n","protected":false},"excerpt":{"rendered":"<p>\u00a0 &#8212;&#8212;&#8212;&#8212;&#8212;&#8212;&#8212;&#8212;&#8212;&#8211; Zur\u00fcck zum Startseite &#8212;&#8212;&#8212;&#8212;&#8212;&#8212;&#8212;&#8212;&#8212;&#8211;<\/p>\n","protected":false},"author":1,"featured_media":0,"parent":0,"menu_order":0,"comment_status":"closed","ping_status":"closed","template":"","meta":[],"_links":{"self":[{"href":"https:\/\/www.pflegedienstrauser.de\/index.php\/wp-json\/wp\/v2\/pages\/227"}],"collection":[{"href":"https:\/\/www.pflegedienstrauser.de\/index.php\/wp-json\/wp\/v2\/pages"}],"about":[{"href":"https:\/\/www.pflegedienstrauser.de\/index.php\/wp-json\/wp\/v2\/types\/page"}],"author":[{"embeddable":true,"href":"https:\/\/www.pflegedienstrauser.de\/index.php\/wp-json\/wp\/v2\/users\/1"}],"replies":[{"embeddable":true,"href":"https:\/\/www.pflegedienstrauser.de\/index.php\/wp-json\/wp\/v2\/comments?post=227"}],"version-history":[{"count":23,"href":"https:\/\/www.pflegedienstrauser.de\/index.php\/wp-json\/wp\/v2\/pages\/227\/revisions"}],"predecessor-version":[{"id":726,"href":"https:\/\/www.pflegedienstrauser.de\/index.php\/wp-json\/wp\/v2\/pages\/227\/revisions\/726"}],"wp:attachment":[{"href":"https:\/\/www.pflegedienstrauser.de\/index.php\/wp-json\/wp\/v2\/media?parent=227"}],"curies":[{"name":"wp","href":"https:\/\/api.w.org\/{rel}","templated":true}]}}