{"id":229,"date":"2017-10-12T10:45:27","date_gmt":"2017-10-12T08:45:27","guid":{"rendered":"http:\/\/www.pflegedienstrauser.de\/?page_id=229"},"modified":"2025-01-30T18:15:55","modified_gmt":"2025-01-30T17:15:55","slug":"beratungseinsatz","status":"publish","type":"page","link":"https:\/\/www.pflegedienstrauser.de\/index.php\/beratungseinsatz\/","title":{"rendered":"Beratungseinsatz"},"content":{"rendered":"<p>Die Inanspruchnahme der verpflichtenden Beratungseins\u00e4tze ist gegen\u00fcber der Pflegekasse nachzuweisen.<\/p>\n<p>Bitte vereinbaren Sie demzufolge mit Frau Richard unter 0202 &#8211; 55 88 90 einen pers\u00f6nlichen Gespr\u00e4chstermin.<\/p>\n<p>Unsere qualifizierte Beratung erfolgt durch examiniertes und entsprechend geschultes Personal.<\/p>\n<p>Der Beratungseinsatz wird in der h\u00e4uslichen Umgebung durchgef\u00fchrt und ein entsprechender Nachweis im Anschluss ausgeh\u00e4ndigt.<\/p>\n<p>Der jeweilige Kostentr\u00e4ger erh\u00e4lt mit der Abrechnung den ebenfalls notwendigen Nachweis \u00fcber den durchgef\u00fchrten Beratungseinsatz.<\/p>\n<p>Bitte beachten Sie!<br \/>\nSofern Sie als Pflegebed\u00fcrftiger den Beratungseinsatz nicht nachweisen, ist das Pflegegeld vom Kostentr\u00e4ger angemessen zu k\u00fcrzen und im Wiederholungsfall zu entziehen.<\/p>\n<p>&#8212;&#8212;&#8212;&#8212;&#8212;&#8212;&#8212;&#8212;&#8212;&#8212;&#8212;&#8212;-<br \/>\n<a href=\"https:\/\/www.pflegedienstrauser.de\/\">Zur\u00fcck zum Startseite<\/a><br \/>\n&#8212;&#8212;&#8212;&#8212;&#8212;&#8212;&#8212;&#8212;&#8212;&#8212;&#8212;&#8212;-<\/p>\n","protected":false},"excerpt":{"rendered":"<p>Die Inanspruchnahme der verpflichtenden Beratungseins\u00e4tze ist gegen\u00fcber der Pflegekasse nachzuweisen. Bitte vereinbaren Sie demzufolge mit Frau Richard unter 0202 &#8211; 55 88 90 einen pers\u00f6nlichen Gespr\u00e4chstermin. Unsere [&hellip;]<\/p>\n","protected":false},"author":1,"featured_media":0,"parent":0,"menu_order":0,"comment_status":"closed","ping_status":"closed","template":"","meta":[],"_links":{"self":[{"href":"https:\/\/www.pflegedienstrauser.de\/index.php\/wp-json\/wp\/v2\/pages\/229"}],"collection":[{"href":"https:\/\/www.pflegedienstrauser.de\/index.php\/wp-json\/wp\/v2\/pages"}],"about":[{"href":"https:\/\/www.pflegedienstrauser.de\/index.php\/wp-json\/wp\/v2\/types\/page"}],"author":[{"embeddable":true,"href":"https:\/\/www.pflegedienstrauser.de\/index.php\/wp-json\/wp\/v2\/users\/1"}],"replies":[{"embeddable":true,"href":"https:\/\/www.pflegedienstrauser.de\/index.php\/wp-json\/wp\/v2\/comments?post=229"}],"version-history":[{"count":10,"href":"https:\/\/www.pflegedienstrauser.de\/index.php\/wp-json\/wp\/v2\/pages\/229\/revisions"}],"predecessor-version":[{"id":910,"href":"https:\/\/www.pflegedienstrauser.de\/index.php\/wp-json\/wp\/v2\/pages\/229\/revisions\/910"}],"wp:attachment":[{"href":"https:\/\/www.pflegedienstrauser.de\/index.php\/wp-json\/wp\/v2\/media?parent=229"}],"curies":[{"name":"wp","href":"https:\/\/api.w.org\/{rel}","templated":true}]}}