{"id":242,"date":"2017-10-16T21:25:20","date_gmt":"2017-10-16T19:25:20","guid":{"rendered":"http:\/\/www.pflegedienstrauser.de\/?page_id=242"},"modified":"2018-06-25T12:40:05","modified_gmt":"2018-06-25T10:40:05","slug":"einsatzzeiten","status":"publish","type":"page","link":"https:\/\/www.pflegedienstrauser.de\/index.php\/einsatzzeiten\/","title":{"rendered":"Einsatzzeiten"},"content":{"rendered":"<p>Die zum Versorgungs-\/Vertragsbeginn vereinbarte Einsatzsatzzeit gilt lediglich als Richtwert. Im Rahmen des t\u00e4glichen Betriebsablaufs gilt diese Zeit mit einer Karenz von 1 Stunde als vereinbart. Bei gravierenden bzw. unangek\u00fcndigten Abweichungen bitten wir um die Kontaktaufnahme mit dem B\u00fcro.<\/p>\n<p>Bedingt durch betriebliche Erfordernisse kann die Einsatzzeit im Laufe der Zeit, durch den Pflegedienst, ge\u00e4ndert werden. W\u00fcnsche des Leistungsnehmers werden dabei, im Rahmen des M\u00f6glichen, ber\u00fccksichtigt.<\/p>\n<p>Sofern Sie einen geplanten Termin nicht wahrnehmen k\u00f6nnen, ist dieser bitte im Vorfeld abzusagen. Bei einer funktionslosen Anfahrt muss der Einsatz ansonsten \u2013 zu Ihren Lasten privat \u2013 in Rechnung gestellt werden.<\/p>\n<p>&nbsp;<\/p>\n<p>&nbsp;<\/p>\n<p><span style=\"border-radius: 2px; text-indent: 20px; width: auto; padding: 0px 4px 0px 0px; text-align: center; font: bold 11px\/20px 'Helvetica Neue',Helvetica,sans-serif; color: #ffffff; background: #bd081c no-repeat scroll 3px 50% \/ 14px 14px; position: absolute; opacity: 1; z-index: 8675309; display: none; cursor: pointer;\">Merken<\/span><\/p>\n<p><span style=\"border-radius: 2px; text-indent: 20px; width: auto; padding: 0px 4px 0px 0px; text-align: center; font: bold 11px\/20px 'Helvetica Neue',Helvetica,sans-serif; color: #ffffff; background: #bd081c no-repeat scroll 3px 50% \/ 14px 14px; position: absolute; opacity: 1; z-index: 8675309; display: none; cursor: pointer;\">Merken<\/span><\/p>\n<p>&#8212;&#8212;&#8212;&#8212;&#8212;&#8212;&#8212;&#8212;&#8212;&#8212;&#8212;&#8212;-<br \/>\n<a href=\"https:\/\/www.pflegedienstrauser.de\/\">Zur\u00fcck zum Startseite<\/a><br \/>\n&#8212;&#8212;&#8212;&#8212;&#8212;&#8212;&#8212;&#8212;&#8212;&#8212;&#8212;&#8212;-<\/p>\n","protected":false},"excerpt":{"rendered":"<p>Die zum Versorgungs-\/Vertragsbeginn vereinbarte Einsatzsatzzeit gilt lediglich als Richtwert. Im Rahmen des t\u00e4glichen Betriebsablaufs gilt diese Zeit mit einer Karenz von 1 Stunde als vereinbart. Bei gravierenden [&hellip;]<\/p>\n","protected":false},"author":1,"featured_media":0,"parent":0,"menu_order":0,"comment_status":"closed","ping_status":"closed","template":"","meta":[],"_links":{"self":[{"href":"https:\/\/www.pflegedienstrauser.de\/index.php\/wp-json\/wp\/v2\/pages\/242"}],"collection":[{"href":"https:\/\/www.pflegedienstrauser.de\/index.php\/wp-json\/wp\/v2\/pages"}],"about":[{"href":"https:\/\/www.pflegedienstrauser.de\/index.php\/wp-json\/wp\/v2\/types\/page"}],"author":[{"embeddable":true,"href":"https:\/\/www.pflegedienstrauser.de\/index.php\/wp-json\/wp\/v2\/users\/1"}],"replies":[{"embeddable":true,"href":"https:\/\/www.pflegedienstrauser.de\/index.php\/wp-json\/wp\/v2\/comments?post=242"}],"version-history":[{"count":19,"href":"https:\/\/www.pflegedienstrauser.de\/index.php\/wp-json\/wp\/v2\/pages\/242\/revisions"}],"predecessor-version":[{"id":663,"href":"https:\/\/www.pflegedienstrauser.de\/index.php\/wp-json\/wp\/v2\/pages\/242\/revisions\/663"}],"wp:attachment":[{"href":"https:\/\/www.pflegedienstrauser.de\/index.php\/wp-json\/wp\/v2\/media?parent=242"}],"curies":[{"name":"wp","href":"https:\/\/api.w.org\/{rel}","templated":true}]}}