{"id":274,"date":"2017-11-13T22:54:57","date_gmt":"2017-11-13T21:54:57","guid":{"rendered":"http:\/\/www.pflegedienstrauser.de\/?page_id=274"},"modified":"2026-04-20T14:13:58","modified_gmt":"2026-04-20T12:13:58","slug":"impressum","status":"publish","type":"page","link":"https:\/\/www.pflegedienstrauser.de\/index.php\/impressum\/","title":{"rendered":"Impressum"},"content":{"rendered":"<p><strong>Dieser Internetauftritt wird betrieben durch:<\/strong><\/p>\n<p>Pflegedienst Rauser GmbH<br \/>\nGesch\u00e4ftsf\u00fchrer: Biserka Rauser, Holger Rauser<br \/>\nZeughausstra\u00dfe 63<br \/>\n42287 Wuppertal<\/p>\n<p>Anerkennung als<strong> spezialisierter Leistungserbringer (Pflegedienst) zur Versorgung von chronischen und schwer heilenden Wunden gem\u00e4\u00df \u00a7\u00a7 132, 132 a Abs. 4 SGB V<\/strong> ab dem 01.10.2025<\/p>\n<p>Amtsgericht Wuppertal HRB 33092<\/p>\n<p>Steuernummer: 131\/5202\/1385 (Finanzamt Wuppertal Barmen)<\/p>\n<p>Tel.: 0202 . 55 88 90<br \/>\nFax: 0202 . 254 74 90<br \/>\nE-Mail: pflegedienst-rauser@t-online.de<\/p>\n<p>&#8211; &#8211; &#8211;<\/p>\n<p class=\"v1MsoNormal\">In Datenschutzhinweisen sind manchmal Verweise auf \u201e\u00a7 25 TTDSG&#8220; enthalten, z.B. bei der Beschreibung der Verarbeitung von Cookies. Wenn dies bei Ihnen zutrifft, \u00e4ndern Sie es auf \u201e\u00a7 25 TDDDG&#8220;.<\/p>\n<p><strong>Verantwortlich f\u00fcr den Inhalt nach \u00a7 55 Abs. 2 RStV:<\/strong><\/p>\n<p>Biserka Rauser, Holger Rauser<\/p>\n<p><strong>Datenschutzbeauftragter:<\/strong><\/p>\n<p>Bernhard St\u00e4rck<br \/>\nQualit\u00e4tsmanagement <strong><a href=\"https:\/\/www.staerck-bip.de\/\" data-type=\"URL\" data-id=\"https:\/\/www.staerck-bip.de\/\" data-rich-text-format-boundary=\"true\">QUAPEN<\/a><\/strong>\u00ae<br \/>\nPaul-Schr\u00f6der-Stra\u00dfe 55<br \/>\n24229 D\u00e4nischenhagen<\/p>\n<p><strong>Wir sind Mitglied im bpa:<\/strong><\/p>\n<p>Bundesverband privater Anbieter sozialer Dienste e.V.<br \/>\nLandesgesch\u00e4ftsstelle Nordrhein-Westfalen<br \/>\nFriedrichstra\u00dfe 19<br \/>\n40217 D\u00fcsseldorf<\/p>\n<p><strong>Disclaimer<\/strong><\/p>\n<div id=\"dmaker_preview\" class=\"code\">\n<div id=\"dmaker_preview_disclaimer\">\n<p><strong>Haftung f\u00fcr Inhalte<\/strong><\/p>\n<p>Als Diensteanbieter sind wir gem\u00e4\u00df \u00a7 7 Abs.1 TMG f\u00fcr eigene Inhalte auf diesen Seiten nach den allgemeinen Gesetzen verantwortlich. Nach \u00a7\u00a7 8 bis 10 TMG sind wir als Diensteanbieter jedoch nicht verpflichtet, \u00fcbermittelte oder gespeicherte fremde Informationen zu \u00fcberwachen oder nach Umst\u00e4nden zu forschen, die auf eine rechtswidrige T\u00e4tigkeit hinweisen.<\/p>\n<p>Verpflichtungen zur Entfernung oder Sperrung der Nutzung von Informationen nach den allgemeinen Gesetzen bleiben hiervon unber\u00fchrt. Eine diesbez\u00fcgliche Haftung ist jedoch erst ab dem Zeitpunkt der Kenntnis einer konkreten Rechtsverletzung m\u00f6glich. Bei Bekanntwerden von entsprechenden Rechtsverletzungen werden wir diese Inhalte umgehend entfernen.<\/p>\n<p><strong>Haftung f\u00fcr Links<\/strong><\/p>\n<p>Unser Angebot enth\u00e4lt Links zu externen Webseiten Dritter, auf deren Inhalte wir keinen Einfluss haben. Deshalb k\u00f6nnen wir f\u00fcr diese fremden Inhalte auch keine Gew\u00e4hr \u00fcbernehmen. F\u00fcr die Inhalte der verlinkten Seiten ist stets der jeweilige Anbieter oder Betreiber der Seiten verantwortlich. Die verlinkten Seiten wurden zum Zeitpunkt der Verlinkung auf m\u00f6gliche Rechtsverst\u00f6\u00dfe \u00fcberpr\u00fcft. Rechtswidrige Inhalte waren zum Zeitpunkt der Verlinkung nicht erkennbar.<\/p>\n<p>Eine permanente inhaltliche Kontrolle der verlinkten Seiten ist jedoch ohne konkrete Anhaltspunkte einer Rechtsverletzung nicht zumutbar. Bei Bekanntwerden von Rechtsverletzungen werden wir derartige Links umgehend entfernen.<\/p>\n<p><strong>Urheberrecht<\/strong><\/p>\n<p>Die durch die Seitenbetreiber erstellten Inhalte und Werke auf diesen Seiten unterliegen dem deutschen Urheberrecht. Die Vervielf\u00e4ltigung, Bearbeitung, Verbreitung und jede Art der Verwertung au\u00dferhalb der Grenzen des Urheberrechtes bed\u00fcrfen der schriftlichen Zustimmung des jeweiligen Autors bzw. Erstellers. Downloads und Kopien dieser Seite sind nur f\u00fcr den privaten, nicht kommerziellen Gebrauch gestattet.<\/p>\n<p>Soweit die Inhalte auf dieser Seite nicht vom Betreiber erstellt wurden, werden die Urheberrechte Dritter beachtet. Insbesondere werden Inhalte Dritter als solche gekennzeichnet. Sollten Sie trotzdem auf eine Urheberrechtsverletzung aufmerksam werden, bitten wir um einen entsprechenden Hinweis. Bei Bekanntwerden von Rechtsverletzungen werden wir derartige Inhalte umgehend entfernen.<\/p>\n<p>Quellenangabe: (e-recht24.de)<\/p>\n<\/div>\n<\/div>\n","protected":false},"excerpt":{"rendered":"<p>Dieser Internetauftritt wird betrieben durch: Pflegedienst Rauser GmbH Gesch\u00e4ftsf\u00fchrer: Biserka Rauser, Holger Rauser Zeughausstra\u00dfe 63 42287 Wuppertal Anerkennung als spezialisierter Leistungserbringer (Pflegedienst) zur Versorgung von chronischen und [&hellip;]<\/p>\n","protected":false},"author":1,"featured_media":0,"parent":0,"menu_order":0,"comment_status":"closed","ping_status":"closed","template":"","meta":[],"_links":{"self":[{"href":"https:\/\/www.pflegedienstrauser.de\/index.php\/wp-json\/wp\/v2\/pages\/274"}],"collection":[{"href":"https:\/\/www.pflegedienstrauser.de\/index.php\/wp-json\/wp\/v2\/pages"}],"about":[{"href":"https:\/\/www.pflegedienstrauser.de\/index.php\/wp-json\/wp\/v2\/types\/page"}],"author":[{"embeddable":true,"href":"https:\/\/www.pflegedienstrauser.de\/index.php\/wp-json\/wp\/v2\/users\/1"}],"replies":[{"embeddable":true,"href":"https:\/\/www.pflegedienstrauser.de\/index.php\/wp-json\/wp\/v2\/comments?post=274"}],"version-history":[{"count":27,"href":"https:\/\/www.pflegedienstrauser.de\/index.php\/wp-json\/wp\/v2\/pages\/274\/revisions"}],"predecessor-version":[{"id":946,"href":"https:\/\/www.pflegedienstrauser.de\/index.php\/wp-json\/wp\/v2\/pages\/274\/revisions\/946"}],"wp:attachment":[{"href":"https:\/\/www.pflegedienstrauser.de\/index.php\/wp-json\/wp\/v2\/media?parent=274"}],"curies":[{"name":"wp","href":"https:\/\/api.w.org\/{rel}","templated":true}]}}